{"id":90,"date":"2022-07-09T00:31:36","date_gmt":"2022-07-09T00:31:36","guid":{"rendered":"https:\/\/imedisa.net\/?page_id=90"},"modified":"2022-07-09T00:31:36","modified_gmt":"2022-07-09T00:31:36","slug":"servicios-contables","status":"publish","type":"page","link":"https:\/\/imedisa.net\/index.php\/servicios-contables\/","title":{"rendered":"Servicios Contables"},"content":{"rendered":"<h4>Contabilidad personas morales<\/h4>\n<h4>Contabilidad personas f\u00edsicas<\/h4>\n<h4>Facturaci\u00f3n electr\u00f3nica<\/h4>\n<h4>Registro de p\u00f3lizas<\/h4>\n<h4>Conciliaciones bancarias<\/h4>\n<h4>Elaboraci\u00f3n de papeles de trabajo<\/h4>\n<h4>C\u00e1lculo de impuestos<\/h4>\n<h4>Declaraciones mensuales, informativas y anuales<\/h4>\n<h4>Elaboraci\u00f3n de estados financieros<\/h4>\n","protected":false},"excerpt":{"rendered":"<p>Contabilidad personas morales Contabilidad personas f\u00edsicas Facturaci\u00f3n electr\u00f3nica Registro de p\u00f3lizas Conciliaciones bancarias Elaboraci\u00f3n de papeles de trabajo C\u00e1lculo de impuestos Declaraciones mensuales, informativas y anuales Elaboraci\u00f3n de estados financieros<\/p>\n","protected":false},"author":1,"featured_media":0,"parent":0,"menu_order":0,"comment_status":"closed","ping_status":"closed","template":"","meta":{"footnotes":""},"class_list":["post-90","page","type-page","status-publish","hentry"],"_links":{"self":[{"href":"https:\/\/imedisa.net\/index.php\/wp-json\/wp\/v2\/pages\/90","targetHints":{"allow":["GET"]}}],"collection":[{"href":"https:\/\/imedisa.net\/index.php\/wp-json\/wp\/v2\/pages"}],"about":[{"href":"https:\/\/imedisa.net\/index.php\/wp-json\/wp\/v2\/types\/page"}],"author":[{"embeddable":true,"href":"https:\/\/imedisa.net\/index.php\/wp-json\/wp\/v2\/users\/1"}],"replies":[{"embeddable":true,"href":"https:\/\/imedisa.net\/index.php\/wp-json\/wp\/v2\/comments?post=90"}],"version-history":[{"count":1,"href":"https:\/\/imedisa.net\/index.php\/wp-json\/wp\/v2\/pages\/90\/revisions"}],"predecessor-version":[{"id":92,"href":"https:\/\/imedisa.net\/index.php\/wp-json\/wp\/v2\/pages\/90\/revisions\/92"}],"wp:attachment":[{"href":"https:\/\/imedisa.net\/index.php\/wp-json\/wp\/v2\/media?parent=90"}],"curies":[{"name":"wp","href":"https:\/\/api.w.org\/{rel}","templated":true}]}}